{"id":10,"date":"2016-07-29T09:15:45","date_gmt":"2016-07-29T09:15:45","guid":{"rendered":"http:\/\/heilpflanzengarten-mv.de\/?page_id=10"},"modified":"2017-08-05T09:33:28","modified_gmt":"2017-08-05T07:33:28","slug":"impressum","status":"publish","type":"page","link":"https:\/\/heilpflanzengarten-mv.de\/?page_id=10","title":{"rendered":"Impressum"},"content":{"rendered":"<p>Kristiane Schmidtke<br \/>\nAm See 5<br \/>\n18196 G\u00f6ldenitz<\/p>\n<p><b>Haftungshinweis:<\/b> Trotz sorgf\u00e4ltiger inhaltlicher Kontrolle \u00fcbernehmen wir keine Haftung f\u00fcr die Inhalte externer Links. F\u00fcr den Inhalt der verlinkten Seiten sind ausschlie\u00dflich deren Betreiber verantwortlich.<\/p>\n","protected":false},"excerpt":{"rendered":"<p>Kristiane Schmidtke Am See 5 18196 G\u00f6ldenitz Haftungshinweis: Trotz sorgf\u00e4ltiger inhaltlicher Kontrolle \u00fcbernehmen wir keine Haftung f\u00fcr die Inhalte externer Links. F\u00fcr den Inhalt der verlinkten Seiten sind ausschlie\u00dflich deren Betreiber verantwortlich.<\/p>\n","protected":false},"author":1,"featured_media":0,"parent":0,"menu_order":0,"comment_status":"closed","ping_status":"closed","template":"","meta":{"footnotes":""},"class_list":["post-10","page","type-page","status-publish","hentry"],"_links":{"self":[{"href":"https:\/\/heilpflanzengarten-mv.de\/index.php?rest_route=\/wp\/v2\/pages\/10","targetHints":{"allow":["GET"]}}],"collection":[{"href":"https:\/\/heilpflanzengarten-mv.de\/index.php?rest_route=\/wp\/v2\/pages"}],"about":[{"href":"https:\/\/heilpflanzengarten-mv.de\/index.php?rest_route=\/wp\/v2\/types\/page"}],"author":[{"embeddable":true,"href":"https:\/\/heilpflanzengarten-mv.de\/index.php?rest_route=\/wp\/v2\/users\/1"}],"replies":[{"embeddable":true,"href":"https:\/\/heilpflanzengarten-mv.de\/index.php?rest_route=%2Fwp%2Fv2%2Fcomments&post=10"}],"version-history":[{"count":6,"href":"https:\/\/heilpflanzengarten-mv.de\/index.php?rest_route=\/wp\/v2\/pages\/10\/revisions"}],"predecessor-version":[{"id":210,"href":"https:\/\/heilpflanzengarten-mv.de\/index.php?rest_route=\/wp\/v2\/pages\/10\/revisions\/210"}],"wp:attachment":[{"href":"https:\/\/heilpflanzengarten-mv.de\/index.php?rest_route=%2Fwp%2Fv2%2Fmedia&parent=10"}],"curies":[{"name":"wp","href":"https:\/\/api.w.org\/{rel}","templated":true}]}}