{"id":365,"date":"2020-01-31T15:43:46","date_gmt":"2020-01-31T14:43:46","guid":{"rendered":"http:\/\/heilpflanzengarten-mv.de\/?page_id=365"},"modified":"2026-03-12T10:33:00","modified_gmt":"2026-03-12T09:33:00","slug":"kurse-2020","status":"publish","type":"page","link":"https:\/\/heilpflanzengarten-mv.de\/?page_id=365","title":{"rendered":"Kurse 2026"},"content":{"rendered":"\n<p>Auf dieser Seite&nbsp;haben Sie die M\u00f6glichkeit sich&nbsp;f\u00fcr einen Kurs per E-Mail anzumelden.&nbsp;Nutzen Sie dazu den Link <em>Anmeldung<\/em> im jeweiligen Kurs.<\/p>\n\n\n\n<p>Nat\u00fcrlich k\u00f6nnen Sie sich auch bei einem Gartenbesuch pers\u00f6nlich anmelden. Auf Nachfrage vereinbaren wir gerne individuelle Termine. Schreiben Sie dazu eine E-Mail an <a href=\"mailto:info@heilpflanzengarten-mv.de?subject=Individuelle%20Termin-Anfrage%20Kurs:%20&amp;amp\">info@heilpflanzengarten-mv.de<\/a> oder rufen Sie unter <a href=\"tel:+4915256140122\">0152-56140122<\/a> an.<\/p>\n\n\n\n<p>Zu allen Kursen geh\u00f6rt ein praktischer Teil. Dort lernen Sie &#8211; passend zum jeweiligen Thema &#8211; wie man Cremes, Salben, Tinkturen, Tees usw. herstellt und nehmen diese nat\u00fcrlich mit nach Hause.<\/p>\n\n\n\n<p>Die in den Kursen besprochenen Pflanzen werden wir uns im Garten anschauen und so mit allen Sinnen erfahren.<\/p>\n\n\n\n<h2 class=\"wp-block-heading\">NEU: Cannabis als Heilpflanze<\/h2>\n\n\n\n<p>Gleich vorweg &#8211; dies ist kein Kurs in dem man lernt, wie der beste Joint gedreht wird. Hier geht es um die medizinische Nutzung der Pflanze.<\/p>\n\n\n\n<p>Wir werfen einen Blick in die Geschichte des Hanfs und erfahren mehr \u00fcber die unterschiedlichen Sorten, deren Inhaltsstoffe und wie sie in unserem  K\u00f6rper wirken.<\/p>\n\n\n\n<p><em>Dauer ca. 3 Stunden &#8211; Kosten inkl. Material 35 \u20ac<\/em><br><strong><em>Freitag 26.06.2026 von 17.00 bis 20.00 Uhr<\/em><\/strong><br><strong><em>oder individuelle Terminanfrage<\/em><\/strong><em><br><a href=\"mailto:info@heilpflanzengarten-mv.de?subject=Termin-Anfrage%20Kurs:%20Cannabis%20als%20Heilpflanze&amp;amp\" data-type=\"mailto\" data-id=\"mailto:info@heilpflanzengarten-mv.de?subject=Termin-Anfrage%20Kurs:%20Heilkr\u00e4ftiges%20Obst%20und%20Gem\u00fcse&amp;amp\">Anmeldung<\/a><br><\/em><\/p>\n\n\n\n<h2 class=\"wp-block-heading\">Heilkr\u00e4figes Obst und Gem\u00fcse<\/h2>\n\n\n\n<p>Wie sch\u00fctzen Erdbeeren unser Herz? Kann man wirklich besser sehen, wenn man M\u00f6hren isst? Weshalb ist Gurke gut f\u00fcr die Haut und wirken Himbeeren vorbeugend gegen Krebs?<br>Obst und Gem\u00fcse ist gesund &#8211; das wissen wir alle. Doch wieviel an heilkr\u00e4ftigen Inhaltsstoffen in den Fr\u00fcchten wirklich steckt und wie wir diese gezielt nutzen k\u00f6nnen, erfahren Sie in diesem Kurs.<br>Im praktischen Teil werden Sie dann selbst erproben wie lecker die Heilkr\u00e4fte aus dem Garten sind.<\/p>\n\n\n\n<p><em>Dauer ca. 3 Stunden &#8211; Kosten inkl. Material 35 \u20ac<\/em><br><strong><em>Freitag 30.10.2026 von 17.00 bis 20.00 Uhr<\/em><\/strong><br><strong><em>oder individuelle Terminanfrage<\/em><\/strong><em><br><a href=\"mailto:info@heilpflanzengarten-mv.de?subject=Termin-Anfrage%20Kurs:%20Heilkr\u00e4ftiges%20Obst%20und%20Gem\u00fcse&amp;amp\" data-type=\"mailto\" data-id=\"mailto:info@heilpflanzengarten-mv.de?subject=Termin-Anfrage%20Kurs:%20Heilkr\u00e4ftiges%20Obst%20und%20Gem\u00fcse&amp;amp\">Anmeldung<\/a><br><\/em><\/p>\n\n\n\n<h2 class=\"wp-block-heading\">Naturkosmetik<\/h2>\n\n\n\n<p>Creme, Deo, Lippenpflege ohne chemische Zus\u00e4tze und Konservierungsstoffe? Lernen Sie wie einfach es ist, aus nat\u00fcrlichen Zutaten die eigene Kosmetik herzustellen.<br>Welche Zusammensetzung ist f\u00fcr ihre Haut die Richtige? Erfahren Sie etwas \u00fcber die vielf\u00e4ltigen Wirkungen und D\u00fcfte \u00e4therischer \u00d6le und kreieren Sie mit deren Hilfe ihre individuelle Kosmetik.<\/p>\n\n\n\n<p><em>Dauer ca. 3 Stunden &#8211; Kosten inkl. Material 45 \u20ac<\/em><br><strong><em>Freitag 09.10.2026 von 17.00 bis 20.00 Uhr<\/em><\/strong><br><strong><em><strong><em>oder individuelle Terminanfrage<\/em><\/strong><\/em><\/strong><em><br><a href=\"mailto:info@heilpflanzengarten-mv.de?subject=Termin-Anfrage%20Kurs:%20Naturkosmetik&amp;amp\">Anmeldung<\/a><br><\/em><\/p>\n\n\n\n<h2 class=\"wp-block-heading\">Fit durch den Sommer<\/h2>\n\n\n\n<p>Sonnenbrand? Insektenstiche? Oder hat ihr Magen das Urlaubsessen nicht vertragen? \u00dcber dies und vieles mehr, was uns nicht nur im Urlaub &#8222;ereilen&#8220; kann, sprechen wir und&nbsp;lernen die heilenden Pflanzen dazu kennen.<br>Sie bekommen Tipps f\u00fcr eine kleine Sommer- und Reiseapotheke und nehmen die ersten selbst gef\u00fcllten&nbsp; Fl\u00e4schchen hierf\u00fcr mit nach Hause.<\/p>\n\n\n\n<p><em>Dauer ca.&nbsp;3 Stunden &#8211; Kosten inkl. Material 35 \u20ac<\/em><br><em><strong><strong><em>Freitag 19.06.2026 von 17.00 bis 20.00 Uhr<\/em><\/strong><\/strong><\/em><br><strong><em>oder individuelle Terminanfrage<\/em><\/strong><em><br><a href=\"mailto:info@heilpflanzengarten-mv.de?subject=Termin-Anfrage%20Kurs:%20Fit%20durch%20den%20Sommer&amp;amp\">Anmeldung<\/a><br><\/em><\/p>\n\n\n\n<h2 class=\"wp-block-heading\">Erk\u00e4ltet &#8211; was tun?<\/h2>\n\n\n\n<p>Gerade bei grippalen Infekten finden wir in der Natur sehr wirkungsvolle Helfer. Welche Pflanzen sind es, die wir bei Husten, Halskratzen und Schnupfen einsetzen k\u00f6nnen? Welche helfen uns im Vorfeld unser Immunsystem zu st\u00e4rken? Welche sind besonders gut f\u00fcr Kinder geeignet?<br>Erfahren Sie mehr \u00fcber die Inhaltsstoffe der Pflanzen, ihre Wirkung und wie wir sie anwenden k\u00f6nnen.<\/p>\n\n\n\n<p><em>Dauer ca.&nbsp;3 Stunden &#8211; Kosten inkl. Material 35 \u20ac<\/em><br><em><strong>Freitag 18.09.2026 von 17.00 bis 20.00 Uhr<\/strong><\/em><br><strong><em>oder individuelle Terminanfrage<\/em><\/strong><br><em><a href=\"mailto:info@heilpflanzengarten-mv.de?subject=Termin-Anfrage%20Kurs:%20Erk\u00e4ltet%20-%20was%20tun?&amp;\" data-type=\"mailto\" data-id=\"mailto:info@heilpflanzengarten-mv.de?subject=Termin-Anfrage%20Kurs:%20Erk\u00e4ltet%20-%20was%20tun?&amp;\">Anmeldung<\/a><br><\/em><\/p>\n\n\n\n<h2 class=\"wp-block-heading\">Pflanzen f\u00fcr Herz und Seele<\/h2>\n\n\n\n<p>Unsere Zeit wird immer Schnelllebiger, berufliche und private Stresssituationen h\u00e4ufen sich. Wie k\u00f6nnen wir mit solchen Belastungen besser umgehen?<br>Lernen Sie Heilpflanzen und Rezepturen kennen, die Herz, Kreislauf und Nerven st\u00e4rken. Erfahren Sie welche M\u00f6glichkeiten uns die D\u00fcfte der \u00e4therischer \u00d6le in der Aromatherapie bieten um K\u00f6rper und Seele wieder in Einklang zu bringen.<\/p>\n\n\n\n<p><em>Dauer ca.\u00a03 Stunden &#8211; Kosten inkl. Material 35 \u20ac<\/em><br><em><strong>Freitag 25.09.2026 von 17.00 bis 20.00 Uhr<\/strong><\/em><br><strong><em>oder individuelle Terminanfrage<\/em><\/strong> <br><em><a href=\"mailto:info@heilpflanzengarten-mv.de?subject=Termin-Anfrage%20Kurs:%20Pflanzen%20f\u00fcr%20Herz%20und%20Seele&amp;amp\">Anmeldung<\/a><\/em><\/p>\n\n\n\n<h2 class=\"wp-block-heading\">Keine Angst vorm \u00c4lterwerden<\/h2>\n\n\n\n<p>&#8222;Man ist so alt wie man sich f\u00fchlt.&#8220;&nbsp; Wenn wir achtsam mit uns umgehen, versuchen K\u00f6rper und Geist gesund zu erhalten, haben wir schon gute Voraussetzungen geschaffen, um uns lange jung zu f\u00fchlen.<br>Wir werden uns mit Heilpflanzen besch\u00e4ftigen, die uns oder unsere Angeh\u00f6rigen in diesem Lebensabschnitt begleiten. Was k\u00f6nnen wir vorbeugend tun und wie lassen sich Alterserkrankungen lindern?<\/p>\n\n\n\n<p><em>Dauer ca.&nbsp;3 Stunden &#8211; Kosten inkl. Material 35 \u20ac<\/em><br><em><strong>Freitag 06.11.2026 von 17.00 bis 20.00 Uhr<\/strong><\/em><br><strong><em>oder individuelle Terminanfrage<\/em><\/strong><br><em><a href=\"mailto:info@heilpflanzengarten-mv.de?subject=Termin-Anfrage%20Kurs:%20Keine%20Angst%20vorm%20\u00c4lterwerden&amp;amp\">Anmeldung<\/a><\/em><\/p>\n","protected":false},"excerpt":{"rendered":"<p>Auf dieser Seite&nbsp;haben Sie die M\u00f6glichkeit sich&nbsp;f\u00fcr einen Kurs per E-Mail anzumelden.&nbsp;Nutzen Sie dazu den Link Anmeldung im jeweiligen Kurs. Nat\u00fcrlich k\u00f6nnen Sie sich auch bei einem Gartenbesuch pers\u00f6nlich anmelden. Auf Nachfrage vereinbaren wir gerne individuelle Termine. Schreiben Sie dazu eine E-Mail an info@heilpflanzengarten-mv.de oder rufen Sie unter 0152-56140122 an. Zu allen Kursen geh\u00f6rt ein &hellip; <a href=\"https:\/\/heilpflanzengarten-mv.de\/?page_id=365\" class=\"more-link\"><span class=\"screen-reader-text\">\u201eKurse 2026\u201c <\/span>weiterlesen<\/a><\/p>\n","protected":false},"author":1,"featured_media":0,"parent":0,"menu_order":0,"comment_status":"closed","ping_status":"closed","template":"","meta":{"footnotes":""},"class_list":["post-365","page","type-page","status-publish","hentry"],"_links":{"self":[{"href":"https:\/\/heilpflanzengarten-mv.de\/index.php?rest_route=\/wp\/v2\/pages\/365","targetHints":{"allow":["GET"]}}],"collection":[{"href":"https:\/\/heilpflanzengarten-mv.de\/index.php?rest_route=\/wp\/v2\/pages"}],"about":[{"href":"https:\/\/heilpflanzengarten-mv.de\/index.php?rest_route=\/wp\/v2\/types\/page"}],"author":[{"embeddable":true,"href":"https:\/\/heilpflanzengarten-mv.de\/index.php?rest_route=\/wp\/v2\/users\/1"}],"replies":[{"embeddable":true,"href":"https:\/\/heilpflanzengarten-mv.de\/index.php?rest_route=%2Fwp%2Fv2%2Fcomments&post=365"}],"version-history":[{"count":27,"href":"https:\/\/heilpflanzengarten-mv.de\/index.php?rest_route=\/wp\/v2\/pages\/365\/revisions"}],"predecessor-version":[{"id":589,"href":"https:\/\/heilpflanzengarten-mv.de\/index.php?rest_route=\/wp\/v2\/pages\/365\/revisions\/589"}],"wp:attachment":[{"href":"https:\/\/heilpflanzengarten-mv.de\/index.php?rest_route=%2Fwp%2Fv2%2Fmedia&parent=365"}],"curies":[{"name":"wp","href":"https:\/\/api.w.org\/{rel}","templated":true}]}}