{"id":71,"date":"2017-01-07T18:58:30","date_gmt":"2017-01-07T17:58:30","guid":{"rendered":"http:\/\/heilpflanzengarten-mv.de\/?page_id=71"},"modified":"2017-04-25T19:45:23","modified_gmt":"2017-04-25T17:45:23","slug":"ueber-mich","status":"publish","type":"page","link":"https:\/\/heilpflanzengarten-mv.de\/?page_id=71","title":{"rendered":"\u00dcber mich"},"content":{"rendered":"<p><img loading=\"lazy\" decoding=\"async\" class=\"size-medium wp-image-162 alignleft\" src=\"https:\/\/heilpflanzengarten-mv.de\/wp-content\/uploads\/2017\/04\/kristiane-199x300.jpg\" alt=\"\" width=\"199\" height=\"300\" srcset=\"https:\/\/heilpflanzengarten-mv.de\/wp-content\/uploads\/2017\/04\/kristiane-199x300.jpg 199w, https:\/\/heilpflanzengarten-mv.de\/wp-content\/uploads\/2017\/04\/kristiane-768x1160.jpg 768w, https:\/\/heilpflanzengarten-mv.de\/wp-content\/uploads\/2017\/04\/kristiane-678x1024.jpg 678w, https:\/\/heilpflanzengarten-mv.de\/wp-content\/uploads\/2017\/04\/kristiane.jpg 1200w\" sizes=\"auto, (max-width: 199px) 85vw, 199px\" \/>Mein Name ist Kristiane Schmidtke. Ich wurde 1963 geboren und arbeite als Ergotherapeutin.<\/p>\n<p>Ich lebe mit meiner Familie in einem 1870 erbauten Bauernhaus in der N\u00e4he von Rostock. Den dazugeh\u00f6rigen gro\u00dfen Garten haben wir im Laufe der Jahre St\u00fcck f\u00fcr St\u00fcck nach unseren Vorstellungen naturnah gestaltet.<\/p>\n<p>Die Liebe zur Natur und das Interesse an heilenden Kr\u00e4utern f\u00fchrte mich 2014 an die Heilpflanzenschule Verden.<\/p>\n<p>Das dort erworbene Wissen m\u00f6chte ich nun gerne weitergeben und die Heilpflanzen in meinem Garten f\u00fcr Sie mit allen Sinnen erfahrbar machen.<\/p>\n","protected":false},"excerpt":{"rendered":"<p>Mein Name ist Kristiane Schmidtke. Ich wurde 1963 geboren und arbeite als Ergotherapeutin. Ich lebe mit meiner Familie in einem 1870 erbauten Bauernhaus in der N\u00e4he von Rostock. Den dazugeh\u00f6rigen gro\u00dfen Garten haben wir im Laufe der Jahre St\u00fcck f\u00fcr St\u00fcck nach unseren Vorstellungen naturnah gestaltet. Die Liebe zur Natur und das Interesse an heilenden &hellip; <a href=\"https:\/\/heilpflanzengarten-mv.de\/?page_id=71\" class=\"more-link\"><span class=\"screen-reader-text\">\u201e\u00dcber mich\u201c <\/span>weiterlesen<\/a><\/p>\n","protected":false},"author":1,"featured_media":0,"parent":0,"menu_order":0,"comment_status":"closed","ping_status":"closed","template":"","meta":{"footnotes":""},"class_list":["post-71","page","type-page","status-publish","hentry"],"_links":{"self":[{"href":"https:\/\/heilpflanzengarten-mv.de\/index.php?rest_route=\/wp\/v2\/pages\/71","targetHints":{"allow":["GET"]}}],"collection":[{"href":"https:\/\/heilpflanzengarten-mv.de\/index.php?rest_route=\/wp\/v2\/pages"}],"about":[{"href":"https:\/\/heilpflanzengarten-mv.de\/index.php?rest_route=\/wp\/v2\/types\/page"}],"author":[{"embeddable":true,"href":"https:\/\/heilpflanzengarten-mv.de\/index.php?rest_route=\/wp\/v2\/users\/1"}],"replies":[{"embeddable":true,"href":"https:\/\/heilpflanzengarten-mv.de\/index.php?rest_route=%2Fwp%2Fv2%2Fcomments&post=71"}],"version-history":[{"count":5,"href":"https:\/\/heilpflanzengarten-mv.de\/index.php?rest_route=\/wp\/v2\/pages\/71\/revisions"}],"predecessor-version":[{"id":348,"href":"https:\/\/heilpflanzengarten-mv.de\/index.php?rest_route=\/wp\/v2\/pages\/71\/revisions\/348"}],"wp:attachment":[{"href":"https:\/\/heilpflanzengarten-mv.de\/index.php?rest_route=%2Fwp%2Fv2%2Fmedia&parent=71"}],"curies":[{"name":"wp","href":"https:\/\/api.w.org\/{rel}","templated":true}]}}