{"id":85,"date":"2017-01-08T15:51:01","date_gmt":"2017-01-08T14:51:01","guid":{"rendered":"http:\/\/heilpflanzengarten-mv.de\/?page_id=85"},"modified":"2022-06-06T19:30:14","modified_gmt":"2022-06-06T17:30:14","slug":"bienen","status":"publish","type":"page","link":"https:\/\/heilpflanzengarten-mv.de\/?page_id=85","title":{"rendered":"Bienen"},"content":{"rendered":"<p>Nicht weit vom Heilpflanzengarten entfernt, inmitten alter Obstb\u00e4ume leben unsere Bienen.<\/p>\n<p>Sie werden wesensgem\u00e4\u00df in Bienenkisten und Einraumbeuten gehalten. Bei dieser Form der Bienenhaltung steht nicht ein hoher Honigertrag im Vordergrund, sondern die Erhaltung der Honigbiene als ein lebenswichtiger Teil unseres \u00d6kosystems.<\/p>\n<p>Mein Mann J\u00f6rg besch\u00e4ftigt sich seit mehreren Jahren\u00a0intensiv mit dieser Form der Bienenhaltung und gibt sein Wissen gerne weiter. Auf Anfrage organisieren wir gerne einen Informationsnachmittag oder eine <em>kleine Exkursion<\/em> zu unseren Bienen.<\/p>\n<p>\u00a0<\/p>\n\n\n<figure class=\"wp-block-image size-large\"><img loading=\"lazy\" decoding=\"async\" width=\"1024\" height=\"683\" src=\"https:\/\/heilpflanzengarten-mv.de\/wp-content\/uploads\/2022\/06\/bienenkisteundeinraumbeute-1024x683.jpg\" alt=\"\" class=\"wp-image-475\" srcset=\"https:\/\/heilpflanzengarten-mv.de\/wp-content\/uploads\/2022\/06\/bienenkisteundeinraumbeute-1024x683.jpg 1024w, https:\/\/heilpflanzengarten-mv.de\/wp-content\/uploads\/2022\/06\/bienenkisteundeinraumbeute-300x200.jpg 300w, https:\/\/heilpflanzengarten-mv.de\/wp-content\/uploads\/2022\/06\/bienenkisteundeinraumbeute-768x512.jpg 768w, https:\/\/heilpflanzengarten-mv.de\/wp-content\/uploads\/2022\/06\/bienenkisteundeinraumbeute-1536x1024.jpg 1536w, https:\/\/heilpflanzengarten-mv.de\/wp-content\/uploads\/2022\/06\/bienenkisteundeinraumbeute-1200x800.jpg 1200w, https:\/\/heilpflanzengarten-mv.de\/wp-content\/uploads\/2022\/06\/bienenkisteundeinraumbeute.jpg 1800w\" sizes=\"auto, (max-width: 709px) 85vw, (max-width: 909px) 67vw, (max-width: 1362px) 62vw, 840px\" \/><figcaption>Blick auf den Bienenstand im Obstgarten &#8211; links Einraumbeute rechts Bienenkiste<\/figcaption><\/figure>\n\n\n\n<figure class=\"wp-block-image size-large\"><img loading=\"lazy\" decoding=\"async\" width=\"1200\" height=\"1600\" src=\"https:\/\/heilpflanzengarten-mv.de\/wp-content\/uploads\/2022\/06\/einraumbeute.jpg\" alt=\"\" class=\"wp-image-476\" srcset=\"https:\/\/heilpflanzengarten-mv.de\/wp-content\/uploads\/2022\/06\/einraumbeute.jpg 1200w, https:\/\/heilpflanzengarten-mv.de\/wp-content\/uploads\/2022\/06\/einraumbeute-225x300.jpg 225w, https:\/\/heilpflanzengarten-mv.de\/wp-content\/uploads\/2022\/06\/einraumbeute-768x1024.jpg 768w, https:\/\/heilpflanzengarten-mv.de\/wp-content\/uploads\/2022\/06\/einraumbeute-1152x1536.jpg 1152w\" sizes=\"auto, (max-width: 709px) 85vw, (max-width: 909px) 67vw, (max-width: 1362px) 62vw, 840px\" \/><figcaption>Einraumbeute im Fr\u00fchling<\/figcaption><\/figure>\n\n\n\n<figure class=\"wp-block-image size-large\"><img loading=\"lazy\" decoding=\"async\" width=\"1800\" height=\"1200\" src=\"https:\/\/heilpflanzengarten-mv.de\/wp-content\/uploads\/2022\/06\/bienenkiste-3.jpg\" alt=\"\" class=\"wp-image-474\" srcset=\"https:\/\/heilpflanzengarten-mv.de\/wp-content\/uploads\/2022\/06\/bienenkiste-3.jpg 1800w, https:\/\/heilpflanzengarten-mv.de\/wp-content\/uploads\/2022\/06\/bienenkiste-3-300x200.jpg 300w, https:\/\/heilpflanzengarten-mv.de\/wp-content\/uploads\/2022\/06\/bienenkiste-3-1024x683.jpg 1024w, https:\/\/heilpflanzengarten-mv.de\/wp-content\/uploads\/2022\/06\/bienenkiste-3-768x512.jpg 768w, https:\/\/heilpflanzengarten-mv.de\/wp-content\/uploads\/2022\/06\/bienenkiste-3-1536x1024.jpg 1536w, https:\/\/heilpflanzengarten-mv.de\/wp-content\/uploads\/2022\/06\/bienenkiste-3-1200x800.jpg 1200w\" sizes=\"auto, (max-width: 709px) 85vw, (max-width: 909px) 67vw, (max-width: 1362px) 62vw, 840px\" \/><figcaption>Bienenkiste im Fr\u00fchsommer<\/figcaption><\/figure>\n\n\n\n<figure class=\"wp-block-image size-large\"><img loading=\"lazy\" decoding=\"async\" width=\"1842\" height=\"1200\" src=\"https:\/\/heilpflanzengarten-mv.de\/wp-content\/uploads\/2022\/06\/einraumbeute-1.jpg\" alt=\"\" class=\"wp-image-477\" srcset=\"https:\/\/heilpflanzengarten-mv.de\/wp-content\/uploads\/2022\/06\/einraumbeute-1.jpg 1842w, https:\/\/heilpflanzengarten-mv.de\/wp-content\/uploads\/2022\/06\/einraumbeute-1-300x195.jpg 300w, https:\/\/heilpflanzengarten-mv.de\/wp-content\/uploads\/2022\/06\/einraumbeute-1-1024x667.jpg 1024w, https:\/\/heilpflanzengarten-mv.de\/wp-content\/uploads\/2022\/06\/einraumbeute-1-768x500.jpg 768w, https:\/\/heilpflanzengarten-mv.de\/wp-content\/uploads\/2022\/06\/einraumbeute-1-1536x1001.jpg 1536w, https:\/\/heilpflanzengarten-mv.de\/wp-content\/uploads\/2022\/06\/einraumbeute-1-1200x782.jpg 1200w\" sizes=\"auto, (max-width: 709px) 85vw, (max-width: 909px) 67vw, (max-width: 1362px) 62vw, 840px\" \/><figcaption>Einraumbeute mit starkem Flugbetrieb<\/figcaption><\/figure>\n\n\n\n<figure class=\"wp-block-image size-large\"><img loading=\"lazy\" decoding=\"async\" width=\"1200\" height=\"1558\" src=\"https:\/\/heilpflanzengarten-mv.de\/wp-content\/uploads\/2022\/06\/bienenkiste-1.jpg\" alt=\"\" class=\"wp-image-473\" srcset=\"https:\/\/heilpflanzengarten-mv.de\/wp-content\/uploads\/2022\/06\/bienenkiste-1.jpg 1200w, https:\/\/heilpflanzengarten-mv.de\/wp-content\/uploads\/2022\/06\/bienenkiste-1-231x300.jpg 231w, https:\/\/heilpflanzengarten-mv.de\/wp-content\/uploads\/2022\/06\/bienenkiste-1-789x1024.jpg 789w, https:\/\/heilpflanzengarten-mv.de\/wp-content\/uploads\/2022\/06\/bienenkiste-1-768x997.jpg 768w, https:\/\/heilpflanzengarten-mv.de\/wp-content\/uploads\/2022\/06\/bienenkiste-1-1183x1536.jpg 1183w\" sizes=\"auto, (max-width: 709px) 85vw, (max-width: 909px) 67vw, (max-width: 1362px) 62vw, 840px\" \/><figcaption>Bienenkiste einige Tage vor Bildung des Schwarms<\/figcaption><\/figure>\n\n\n\n<figure class=\"wp-block-image size-large\"><img loading=\"lazy\" decoding=\"async\" width=\"768\" height=\"1150\" src=\"https:\/\/heilpflanzengarten-mv.de\/wp-content\/uploads\/2017\/01\/bieneninhecke-e1483885529271.jpg\" alt=\"\" class=\"wp-image-88\" srcset=\"https:\/\/heilpflanzengarten-mv.de\/wp-content\/uploads\/2017\/01\/bieneninhecke-e1483885529271.jpg 768w, https:\/\/heilpflanzengarten-mv.de\/wp-content\/uploads\/2017\/01\/bieneninhecke-e1483885529271-200x300.jpg 200w, https:\/\/heilpflanzengarten-mv.de\/wp-content\/uploads\/2017\/01\/bieneninhecke-e1483885529271-684x1024.jpg 684w\" sizes=\"auto, (max-width: 768px) 85vw, 768px\" \/><figcaption>Sammelflug<\/figcaption><\/figure>\n","protected":false},"excerpt":{"rendered":"<p>Nicht weit vom Heilpflanzengarten entfernt, inmitten alter Obstb\u00e4ume leben unsere Bienen. Sie werden wesensgem\u00e4\u00df in Bienenkisten und Einraumbeuten gehalten. Bei dieser Form der Bienenhaltung steht nicht ein hoher Honigertrag im Vordergrund, sondern die Erhaltung der Honigbiene als ein lebenswichtiger Teil unseres \u00d6kosystems. Mein Mann J\u00f6rg besch\u00e4ftigt sich seit mehreren Jahren\u00a0intensiv mit dieser Form der Bienenhaltung &hellip; <a href=\"https:\/\/heilpflanzengarten-mv.de\/?page_id=85\" class=\"more-link\"><span class=\"screen-reader-text\">\u201eBienen\u201c <\/span>weiterlesen<\/a><\/p>\n","protected":false},"author":1,"featured_media":0,"parent":0,"menu_order":0,"comment_status":"closed","ping_status":"closed","template":"","meta":{"footnotes":""},"class_list":["post-85","page","type-page","status-publish","hentry"],"_links":{"self":[{"href":"https:\/\/heilpflanzengarten-mv.de\/index.php?rest_route=\/wp\/v2\/pages\/85","targetHints":{"allow":["GET"]}}],"collection":[{"href":"https:\/\/heilpflanzengarten-mv.de\/index.php?rest_route=\/wp\/v2\/pages"}],"about":[{"href":"https:\/\/heilpflanzengarten-mv.de\/index.php?rest_route=\/wp\/v2\/types\/page"}],"author":[{"embeddable":true,"href":"https:\/\/heilpflanzengarten-mv.de\/index.php?rest_route=\/wp\/v2\/users\/1"}],"replies":[{"embeddable":true,"href":"https:\/\/heilpflanzengarten-mv.de\/index.php?rest_route=%2Fwp%2Fv2%2Fcomments&post=85"}],"version-history":[{"count":18,"href":"https:\/\/heilpflanzengarten-mv.de\/index.php?rest_route=\/wp\/v2\/pages\/85\/revisions"}],"predecessor-version":[{"id":478,"href":"https:\/\/heilpflanzengarten-mv.de\/index.php?rest_route=\/wp\/v2\/pages\/85\/revisions\/478"}],"wp:attachment":[{"href":"https:\/\/heilpflanzengarten-mv.de\/index.php?rest_route=%2Fwp%2Fv2%2Fmedia&parent=85"}],"curies":[{"name":"wp","href":"https:\/\/api.w.org\/{rel}","templated":true}]}}